{"id":4131,"date":"2023-11-23T14:05:16","date_gmt":"2023-11-23T12:05:16","guid":{"rendered":"https:\/\/rairu.blank.lv\/?page_id=4131"},"modified":"2026-02-17T10:53:36","modified_gmt":"2026-02-17T08:53:36","slug":"forestry","status":"publish","type":"page","link":"https:\/\/www.rairu.lv\/en\/forestry\/","title":{"rendered":"Forestry"},"content":{"rendered":"[vc_row type=&#8221;full_width_background&#8221; full_screen_row_position=&#8221;middle&#8221; column_margin=&#8221;none&#8221; equal_height=&#8221;yes&#8221; content_placement=&#8221;middle&#8221; column_direction=&#8221;default&#8221; column_direction_tablet=&#8221;default&#8221; column_direction_phone=&#8221;default&#8221; scene_position=&#8221;center&#8221; top_padding=&#8221;0&#8243; bottom_padding=&#8221;0&#8243; left_padding_desktop=&#8221;0&#8243; right_padding_desktop=&#8221;0&#8243; top_margin=&#8221;0&#8243; bottom_margin=&#8221;0&#8243; left_margin=&#8221;0&#8243; right_margin=&#8221;0&#8243; text_color=&#8221;dark&#8221; text_align=&#8221;left&#8221; row_border_radius=&#8221;none&#8221; row_border_radius_applies=&#8221;bg&#8221; overflow=&#8221;visible&#8221; class=&#8221;Inner-menu-wrap&#8221; overlay_strength=&#8221;0.3&#8243; gradient_direction=&#8221;left_to_right&#8221; shape_divider_position=&#8221;bottom&#8221; bg_image_animation=&#8221;none&#8221; gradient_type=&#8221;default&#8221; shape_type=&#8221;&#8221;][vc_column column_padding=&#8221;no-extra-padding&#8221; column_padding_tablet=&#8221;inherit&#8221; column_padding_phone=&#8221;inherit&#8221; column_padding_position=&#8221;all&#8221; column_element_direction_desktop=&#8221;default&#8221; column_element_spacing=&#8221;default&#8221; desktop_text_alignment=&#8221;default&#8221; tablet_text_alignment=&#8221;default&#8221; phone_text_alignment=&#8221;default&#8221; background_color_opacity=&#8221;1&#8243; background_hover_color_opacity=&#8221;1&#8243; column_backdrop_filter=&#8221;none&#8221; column_shadow=&#8221;none&#8221; column_border_radius=&#8221;none&#8221; column_link_target=&#8221;_self&#8221; column_position=&#8221;default&#8221; gradient_direction=&#8221;left_to_right&#8221; overlay_strength=&#8221;0.3&#8243; width=&#8221;1\/1&#8243; tablet_width_inherit=&#8221;default&#8221; animation_type=&#8221;default&#8221; bg_image_animation=&#8221;none&#8221; border_type=&#8221;simple&#8221; column_border_width=&#8221;none&#8221; column_border_style=&#8221;solid&#8221; column_padding_type=&#8221;default&#8221; gradient_type=&#8221;default&#8221;][vc_column_text el_class=&#8221;sec-button&#8221;]<a href=\"https:\/\/www.rairu.lv\/en\/forestry\/soil-preparation\/\">Soil preparation<\/a>[\/vc_column_text][vc_column_text el_class=&#8221;sec-button&#8221;]<a href=\"https:\/\/www.rairu.lv\/en\/forestry\/timber-harvesting\/\">Timber harvesting<\/a>[\/vc_column_text][vc_column_text el_class=&#8221;sec-button&#8221;]<a href=\"https:\/\/www.rairu.lv\/en\/forestry\/forest-management\/\">Forest management<\/a>[\/vc_column_text][vc_column_text el_class=&#8221;sec-button&#8221;]<a href=\"https:\/\/www.rairu.lv\/en\/forestry\/felling-area-and-forest-property-acquisition\/\">Forest &amp; felling acquisition<\/a>[\/vc_column_text][\/vc_column][\/vc_row][vc_row type=&#8221;full_width_content&#8221; full_screen_row_position=&#8221;middle&#8221; column_margin=&#8221;none&#8221; equal_height=&#8221;yes&#8221; content_placement=&#8221;middle&#8221; column_direction=&#8221;default&#8221; column_direction_tablet=&#8221;column_reverse&#8221; column_direction_phone=&#8221;column_reverse&#8221; bg_color=&#8221;#ffffff&#8221; scene_position=&#8221;center&#8221; top_padding=&#8221;0px&#8221; constrain_group_1=&#8221;yes&#8221; bottom_padding=&#8221;0px&#8221; left_padding_desktop=&#8221;7%&#8221; right_padding_desktop=&#8221;0&#8243; bottom_padding_tablet=&#8221;10%&#8221; left_padding_tablet=&#8221;0&#8243; right_padding_tablet=&#8221;0&#8243; left_padding_phone=&#8221;0&#8243; right_padding_phone=&#8221;0&#8243; text_color=&#8221;dark&#8221; text_align=&#8221;left&#8221; row_border_radius=&#8221;none&#8221; row_border_radius_applies=&#8221;bg&#8221; overflow=&#8221;visible&#8221; class=&#8221;img-slider-wrap&#8221; advanced_gradient_angle=&#8221;0&#8243; overlay_strength=&#8221;0.3&#8243; gradient_direction=&#8221;left_to_right&#8221; shape_divider_position=&#8221;bottom&#8221; bg_image_animation=&#8221;none&#8221; gradient_type=&#8221;default&#8221; shape_type=&#8221;&#8221;][vc_column right_padding_desktop=&#8221;8%&#8221; left_padding_tablet=&#8221;7%&#8221; right_padding_tablet=&#8221;0&#8243; column_element_direction_desktop=&#8221;default&#8221; column_element_spacing=&#8221;30px&#8221; desktop_text_alignment=&#8221;default&#8221; tablet_text_alignment=&#8221;default&#8221; phone_text_alignment=&#8221;default&#8221; background_color_opacity=&#8221;1&#8243; background_hover_color_opacity=&#8221;1&#8243; column_backdrop_filter=&#8221;none&#8221; column_shadow=&#8221;none&#8221; column_border_radius=&#8221;none&#8221; column_link_target=&#8221;_self&#8221; column_position=&#8221;static&#8221; el_class=&#8221;img-slider-inner-wrap&#8221; advanced_gradient_angle=&#8221;0&#8243; gradient_direction=&#8221;left_to_right&#8221; overlay_strength=&#8221;0.3&#8243; width=&#8221;5\/12&#8243; tablet_width_inherit=&#8221;default&#8221; animation_type=&#8221;default&#8221; bg_image_animation=&#8221;none&#8221; border_type=&#8221;simple&#8221; column_border_width=&#8221;none&#8221; column_border_style=&#8221;solid&#8221; gradient_type=&#8221;default&#8221; column_padding_type=&#8221;advanced&#8221;][vc_column_text]\n<h2>Forestry<\/h2>\n[\/vc_column_text][vc_column_text]RAIRU has managed forests in Vidzeme and Northern Latgale for over 25 years, ensuring sustainable and responsible forestry. <strong>Our specialists support the entire process, from valuation and inventory to planting, maintenance, and harvesting.<\/strong><\/p>\n<p>We also oversee the complete forestry cycle and assist in preparing forestry documentation (felling certificates, obtaining felling permits, etc.).<\/p>\n<p>At RAIRU, we are dedicated to enhancing the value of your forest property through collaboration.[\/vc_column_text][\/vc_column][vc_column column_element_direction_desktop=&#8221;default&#8221; column_element_spacing=&#8221;0px&#8221; desktop_text_alignment=&#8221;default&#8221; tablet_text_alignment=&#8221;default&#8221; phone_text_alignment=&#8221;default&#8221; background_color_opacity=&#8221;1&#8243; background_hover_color_opacity=&#8221;1&#8243; column_backdrop_filter=&#8221;none&#8221; column_shadow=&#8221;none&#8221; column_border_radius=&#8221;none&#8221; column_link_target=&#8221;_self&#8221; column_position=&#8221;relative&#8221; overflow=&#8221;hidden&#8221; el_class=&#8221;img-slider-imgslider-wrap&#8221; advanced_gradient_angle=&#8221;180&#8243; width=&#8221;7\/12&#8243; tablet_width_inherit=&#8221;default&#8221; animation_type=&#8221;default&#8221; bg_image_animation=&#8221;none&#8221; border_type=&#8221;simple&#8221; column_border_width=&#8221;none&#8221; column_border_style=&#8221;solid&#8221; gradient_type=&#8221;advanced&#8221; advanced_gradient_display_type=&#8221;linear&#8221; column_padding_type=&#8221;advanced&#8221;][image_with_animation image_url=&#8221;1820&#8243; image_size=&#8221;full&#8221; animation_type=&#8221;entrance&#8221; animation=&#8221;None&#8221; animation_movement_type=&#8221;transform_y&#8221; hover_animation=&#8221;none&#8221; alignment=&#8221;&#8221; border_radius=&#8221;none&#8221; box_shadow=&#8221;none&#8221; image_loading=&#8221;default&#8221; max_width=&#8221;100%&#8221; max_width_mobile=&#8221;default&#8221; el_class=&#8221;galery_side-img&#8221;][\/vc_column][\/vc_row]\n","protected":false},"excerpt":{"rendered":"<p>[vc_row type=&#8221;full_width_background&#8221; full_screen_row_position=&#8221;middle&#8221; column_margin=&#8221;none&#8221; equal_height=&#8221;yes&#8221; content_placement=&#8221;middle&#8221; column_direction=&#8221;default&#8221; column_direction_tablet=&#8221;default&#8221; column_direction_phone=&#8221;default&#8221; scene_position=&#8221;center&#8221; top_padding=&#8221;0&#8243; bottom_padding=&#8221;0&#8243; left_padding_desktop=&#8221;0&#8243; right_padding_desktop=&#8221;0&#8243; top_margin=&#8221;0&#8243;&#8230;<\/p>\n","protected":false},"author":2,"featured_media":0,"parent":0,"menu_order":0,"comment_status":"closed","ping_status":"closed","template":"","meta":{"_uag_custom_page_level_css":"","footnotes":""},"class_list":["post-4131","page","type-page","status-publish"],"yoast_head":"<!-- This site is optimized with the Yoast SEO plugin v27.2 - https:\/\/yoast.com\/product\/yoast-seo-wordpress\/ -->\n<title>RAIRU - Forestry<\/title>\n<meta name=\"description\" content=\"RAIRU has managed forests in Vidzeme and Northern Latgale for over 25 years, ensuring sustainable and responsible forestry.\" \/>\n<meta name=\"robots\" content=\"index, follow, max-snippet:-1, max-image-preview:large, max-video-preview:-1\" \/>\n<link rel=\"canonical\" href=\"https:\/\/www.rairu.lv\/en\/forestry\/\" \/>\n<meta property=\"og:locale\" content=\"en_US\" \/>\n<meta property=\"og:type\" content=\"article\" \/>\n<meta property=\"og:title\" content=\"RAIRU - Forestry\" \/>\n<meta property=\"og:description\" content=\"RAIRU has managed forests in Vidzeme and Northern Latgale for over 25 years, ensuring sustainable and responsible forestry.\" \/>\n<meta property=\"og:url\" content=\"https:\/\/www.rairu.lv\/en\/forestry\/\" \/>\n<meta property=\"og:site_name\" content=\"RAIRU\" \/>\n<meta property=\"article:publisher\" content=\"https:\/\/www.facebook.com\/rairu.forest\" \/>\n<meta property=\"article:modified_time\" content=\"2026-02-17T08:53:36+00:00\" \/>\n<meta property=\"og:image\" content=\"https:\/\/www.rairu.lv\/wp-content\/uploads\/2024\/03\/Rairu-favicon.png\" \/>\n\t<meta property=\"og:image:width\" content=\"2288\" \/>\n\t<meta property=\"og:image:height\" content=\"2288\" \/>\n\t<meta property=\"og:image:type\" content=\"image\/png\" \/>\n<meta name=\"twitter:card\" content=\"summary_large_image\" \/>\n<meta name=\"twitter:label1\" content=\"Est. reading time\" \/>\n\t<meta name=\"twitter:data1\" content=\"2 minutes\" \/>\n<script type=\"application\/ld+json\" class=\"yoast-schema-graph\">{\"@context\":\"https:\/\/schema.org\",\"@graph\":[{\"@type\":\"WebPage\",\"@id\":\"https:\/\/www.rairu.lv\/en\/forestry\/\",\"url\":\"https:\/\/www.rairu.lv\/en\/forestry\/\",\"name\":\"RAIRU - Forestry\",\"isPartOf\":{\"@id\":\"https:\/\/www.rairu.lv\/#website\"},\"datePublished\":\"2023-11-23T12:05:16+00:00\",\"dateModified\":\"2026-02-17T08:53:36+00:00\",\"description\":\"RAIRU has managed forests in Vidzeme and Northern Latgale for over 25 years, ensuring sustainable and responsible forestry.\",\"breadcrumb\":{\"@id\":\"https:\/\/www.rairu.lv\/en\/forestry\/#breadcrumb\"},\"inLanguage\":\"en-US\",\"potentialAction\":[{\"@type\":\"ReadAction\",\"target\":[\"https:\/\/www.rairu.lv\/en\/forestry\/\"]}]},{\"@type\":\"BreadcrumbList\",\"@id\":\"https:\/\/www.rairu.lv\/en\/forestry\/#breadcrumb\",\"itemListElement\":[{\"@type\":\"ListItem\",\"position\":1,\"name\":\"Home\",\"item\":\"https:\/\/www.rairu.lv\/en\/rairu\/\"},{\"@type\":\"ListItem\",\"position\":2,\"name\":\"Forestry\"}]},{\"@type\":\"WebSite\",\"@id\":\"https:\/\/www.rairu.lv\/#website\",\"url\":\"https:\/\/www.rairu.lv\/\",\"name\":\"RAIRU\",\"description\":\"K\u0101rt\u012bgs me\u017esaimniec\u012bbas uz\u0146\u0113mums\",\"publisher\":{\"@id\":\"https:\/\/www.rairu.lv\/#organization\"},\"alternateName\":\"RAIRU\",\"potentialAction\":[{\"@type\":\"SearchAction\",\"target\":{\"@type\":\"EntryPoint\",\"urlTemplate\":\"https:\/\/www.rairu.lv\/?s={search_term_string}\"},\"query-input\":{\"@type\":\"PropertyValueSpecification\",\"valueRequired\":true,\"valueName\":\"search_term_string\"}}],\"inLanguage\":\"en-US\"},{\"@type\":\"Organization\",\"@id\":\"https:\/\/www.rairu.lv\/#organization\",\"name\":\"RAIRU\",\"alternateName\":\"K\u0101rt\u012bgs me\u017esaimniec\u012bbas uz\u0146\u0113mums\",\"url\":\"https:\/\/www.rairu.lv\/\",\"logo\":{\"@type\":\"ImageObject\",\"inLanguage\":\"en-US\",\"@id\":\"https:\/\/www.rairu.lv\/#\/schema\/logo\/image\/\",\"url\":\"https:\/\/www.rairu.lv\/wp-content\/uploads\/2023\/11\/Rairu-logo_nanv.svg\",\"contentUrl\":\"https:\/\/www.rairu.lv\/wp-content\/uploads\/2023\/11\/Rairu-logo_nanv.svg\",\"width\":882,\"height\":129,\"caption\":\"RAIRU\"},\"image\":{\"@id\":\"https:\/\/www.rairu.lv\/#\/schema\/logo\/image\/\"},\"sameAs\":[\"https:\/\/www.facebook.com\/rairu.forest\"]}]}<\/script>\n<!-- \/ Yoast SEO plugin. -->","yoast_head_json":{"title":"RAIRU - Forestry","description":"RAIRU has managed forests in Vidzeme and Northern Latgale for over 25 years, ensuring sustainable and responsible forestry.","robots":{"index":"index","follow":"follow","max-snippet":"max-snippet:-1","max-image-preview":"max-image-preview:large","max-video-preview":"max-video-preview:-1"},"canonical":"https:\/\/www.rairu.lv\/en\/forestry\/","og_locale":"en_US","og_type":"article","og_title":"RAIRU - Forestry","og_description":"RAIRU has managed forests in Vidzeme and Northern Latgale for over 25 years, ensuring sustainable and responsible forestry.","og_url":"https:\/\/www.rairu.lv\/en\/forestry\/","og_site_name":"RAIRU","article_publisher":"https:\/\/www.facebook.com\/rairu.forest","article_modified_time":"2026-02-17T08:53:36+00:00","og_image":[{"width":2288,"height":2288,"url":"https:\/\/www.rairu.lv\/wp-content\/uploads\/2024\/03\/Rairu-favicon.png","type":"image\/png"}],"twitter_card":"summary_large_image","twitter_misc":{"Est. reading time":"2 minutes"},"schema":{"@context":"https:\/\/schema.org","@graph":[{"@type":"WebPage","@id":"https:\/\/www.rairu.lv\/en\/forestry\/","url":"https:\/\/www.rairu.lv\/en\/forestry\/","name":"RAIRU - Forestry","isPartOf":{"@id":"https:\/\/www.rairu.lv\/#website"},"datePublished":"2023-11-23T12:05:16+00:00","dateModified":"2026-02-17T08:53:36+00:00","description":"RAIRU has managed forests in Vidzeme and Northern Latgale for over 25 years, ensuring sustainable and responsible forestry.","breadcrumb":{"@id":"https:\/\/www.rairu.lv\/en\/forestry\/#breadcrumb"},"inLanguage":"en-US","potentialAction":[{"@type":"ReadAction","target":["https:\/\/www.rairu.lv\/en\/forestry\/"]}]},{"@type":"BreadcrumbList","@id":"https:\/\/www.rairu.lv\/en\/forestry\/#breadcrumb","itemListElement":[{"@type":"ListItem","position":1,"name":"Home","item":"https:\/\/www.rairu.lv\/en\/rairu\/"},{"@type":"ListItem","position":2,"name":"Forestry"}]},{"@type":"WebSite","@id":"https:\/\/www.rairu.lv\/#website","url":"https:\/\/www.rairu.lv\/","name":"RAIRU","description":"K\u0101rt\u012bgs me\u017esaimniec\u012bbas uz\u0146\u0113mums","publisher":{"@id":"https:\/\/www.rairu.lv\/#organization"},"alternateName":"RAIRU","potentialAction":[{"@type":"SearchAction","target":{"@type":"EntryPoint","urlTemplate":"https:\/\/www.rairu.lv\/?s={search_term_string}"},"query-input":{"@type":"PropertyValueSpecification","valueRequired":true,"valueName":"search_term_string"}}],"inLanguage":"en-US"},{"@type":"Organization","@id":"https:\/\/www.rairu.lv\/#organization","name":"RAIRU","alternateName":"K\u0101rt\u012bgs me\u017esaimniec\u012bbas uz\u0146\u0113mums","url":"https:\/\/www.rairu.lv\/","logo":{"@type":"ImageObject","inLanguage":"en-US","@id":"https:\/\/www.rairu.lv\/#\/schema\/logo\/image\/","url":"https:\/\/www.rairu.lv\/wp-content\/uploads\/2023\/11\/Rairu-logo_nanv.svg","contentUrl":"https:\/\/www.rairu.lv\/wp-content\/uploads\/2023\/11\/Rairu-logo_nanv.svg","width":882,"height":129,"caption":"RAIRU"},"image":{"@id":"https:\/\/www.rairu.lv\/#\/schema\/logo\/image\/"},"sameAs":["https:\/\/www.facebook.com\/rairu.forest"]}]}},"uagb_featured_image_src":{"full":false,"thumbnail":false,"medium":false,"medium_large":false,"large":false,"1536x1536":false,"2048x2048":false,"portfolio-thumb":false,"nectar_small_square":false,"portfolio-thumb_large":false,"portfolio-thumb_small":false,"portfolio-widget":false,"wide":false,"wide_photography":false,"wide_small":false,"regular":false,"regular_small":false,"tall":false,"wide_tall":false,"large_featured":false,"medium_featured":false},"uagb_author_info":{"display_name":"Kaspars Egl\u012btis","author_link":"https:\/\/www.rairu.lv\/en\/author\/blank\/"},"uagb_comment_info":0,"uagb_excerpt":"[vc_row type=&#8221;full_width_background&#8221; full_screen_row_position=&#8221;middle&#8221; column_margin=&#8221;none&#8221; equal_height=&#8221;yes&#8221; content_placement=&#8221;middle&#8221; column_direction=&#8221;default&#8221; column_direction_tablet=&#8221;default&#8221; column_direction_phone=&#8221;default&#8221; scene_position=&#8221;center&#8221; top_padding=&#8221;0&#8243; bottom_padding=&#8221;0&#8243; left_padding_desktop=&#8221;0&#8243; right_padding_desktop=&#8221;0&#8243; top_margin=&#8221;0&#8243;...","_links":{"self":[{"href":"https:\/\/www.rairu.lv\/en\/wp-json\/wp\/v2\/pages\/4131","targetHints":{"allow":["GET"]}}],"collection":[{"href":"https:\/\/www.rairu.lv\/en\/wp-json\/wp\/v2\/pages"}],"about":[{"href":"https:\/\/www.rairu.lv\/en\/wp-json\/wp\/v2\/types\/page"}],"author":[{"embeddable":true,"href":"https:\/\/www.rairu.lv\/en\/wp-json\/wp\/v2\/users\/2"}],"replies":[{"embeddable":true,"href":"https:\/\/www.rairu.lv\/en\/wp-json\/wp\/v2\/comments?post=4131"}],"version-history":[{"count":14,"href":"https:\/\/www.rairu.lv\/en\/wp-json\/wp\/v2\/pages\/4131\/revisions"}],"predecessor-version":[{"id":6665,"href":"https:\/\/www.rairu.lv\/en\/wp-json\/wp\/v2\/pages\/4131\/revisions\/6665"}],"wp:attachment":[{"href":"https:\/\/www.rairu.lv\/en\/wp-json\/wp\/v2\/media?parent=4131"}],"curies":[{"name":"wp","href":"https:\/\/api.w.org\/{rel}","templated":true}]}}